{"id":33,"date":"2021-03-03T22:57:38","date_gmt":"2021-03-03T22:57:38","guid":{"rendered":"https:\/\/sudorganicos.com\/?page_id=33"},"modified":"2021-03-12T03:13:07","modified_gmt":"2021-03-12T03:13:07","slug":"nosotros","status":"publish","type":"page","link":"https:\/\/sudorganicos.com\/index.php\/nosotros\/","title":{"rendered":"Nosotros"},"content":{"rendered":"\n<p>Aportamos soluciones para diversos campos industriales mediante la <em>aplicaci\u00f3n de recubrimientos t\u00e9cnicos a base de Tefl\u00f3n\u00ae Industrial<\/em>. Por medio de estrategias de inversi\u00f3n y conexiones permanentes con la industria, hemos llevado al mercado soluciones innovadoras.&nbsp;Este nivel en constante mejora, la experiencia de nuestros profesionales y nuestro trabajo hacen de SUDORGANICOS un l\u00edder nacional en el campo de los recubrimientos t\u00e9cnicos, lo que nos permite brindar servicios a diversas empresas l\u00edderes.<\/p>\n\n\n\n<p>Nuestro principal objetivo es anticiparnos a las necesidades del cliente y brindar servicios personalizados, r\u00e1pidos, profesionales y de alta calidad.<\/p>\n\n\n\n<div style=\"height:41px\" aria-hidden=\"true\" class=\"wp-block-spacer\"><\/div>\n\n\n\n<div class=\"wp-block-columns is-layout-flex wp-container-core-columns-is-layout-9d6595d7 wp-block-columns-is-layout-flex\">\n<div class=\"wp-block-column is-layout-flow wp-block-column-is-layout-flow\">\n<h4 class=\"wp-block-heading\">Misi\u00f3n<\/h4>\n\n\n\n<p>Nuestra empresa est\u00e1 dedicada al recubrimiento en tefl\u00f3n de aquellos elementos industriales, de laboratorio y de panificaci\u00f3n que lo requieren buscando generar utilidades, bienestar, y un producto&nbsp;de muy buena calidad para los clientes con beneficios para los usuarios finales.<\/p>\n<\/div>\n\n\n\n<div class=\"wp-block-column is-layout-flow wp-block-column-is-layout-flow\">\n<h4 class=\"wp-block-heading\">Visi\u00f3n<\/h4>\n\n\n\n<p>Consolidar en los pr\u00f3ximos 5 a\u00f1os un excelente liderazgo en la actividad del recubrimiento en tefl\u00f3n industrial a nivel nacional e internacional, con un aumento de la producci\u00f3n y una ampliaci\u00f3n de las instalaciones. Adem\u00e1s lograr el posicionamiento de la marca en el mercado reflejado en la aceptaci\u00f3n y calidad total del servicio.<\/p>\n<\/div>\n\n\n\n<div class=\"wp-block-column is-layout-flow wp-block-column-is-layout-flow\">\n<h4 class=\"wp-block-heading\">Pol\u00edtica de calidad<\/h4>\n\n\n\n<p>Trabajar en un compromiso de constituci\u00f3n como una de las mejores empresas en servicios de recubrimiento, con la mejor materia prima y una mano de obra de calidad, garantizando la satisfacci\u00f3n de nuestros clientes en cuanto a los resultados esperados.<\/p>\n<\/div>\n<\/div>\n\n\n\n<div style=\"height:41px\" aria-hidden=\"true\" class=\"wp-block-spacer\"><\/div>\n\n\n\n<h3 class=\"wp-block-heading\">Cobertura en Per\u00fa<\/h3>\n\n\n\n<p>Contamos con una sede ubicada en&nbsp;<strong>Lima &#8211; Per\u00fa<\/strong>&nbsp;que tambi\u00e9n ofrece los servicios de recubrimientos en tefl\u00f3n para las diferentes industrias bajo los mismo est\u00e1ndares de calidad garantizando as\u00ed la satisfacci\u00f3n&nbsp;total con&nbsp;nuestro servicio en Ecuador y Per\u00fa. Contacto en Per\u00fa:&nbsp;<\/p>\n\n\n\n<p>\u200b<strong>TEFLONES COLOMBIA<\/strong><\/p>\n\n\n\n<p><em><strong><a href=\"mailto:teflonescolombia@hotmail.com\">teflonescolombia@hotmail.com<\/a><\/strong><\/em><\/p>\n\n\n\n<div style=\"height:41px\" aria-hidden=\"true\" class=\"wp-block-spacer\"><\/div>\n","protected":false},"excerpt":{"rendered":"<p>Aportamos soluciones para diversos campos industriales mediante la aplicaci\u00f3n de recubrimientos t\u00e9cnicos a base de Tefl\u00f3n\u00ae Industrial. Por medio de estrategias de inversi\u00f3n y conexiones permanentes con la industria, hemos llevado al mercado soluciones innovadoras.&nbsp;Este nivel en constante mejora, la experiencia de nuestros profesionales y nuestro trabajo hacen de SUDORGANICOS un l\u00edder nacional en el [&hellip;]<\/p>\n","protected":false},"author":1,"featured_media":0,"parent":0,"menu_order":0,"comment_status":"closed","ping_status":"closed","template":"","meta":{"footnotes":""},"class_list":["post-33","page","type-page","status-publish","hentry"],"_links":{"self":[{"href":"https:\/\/sudorganicos.com\/index.php\/wp-json\/wp\/v2\/pages\/33","targetHints":{"allow":["GET"]}}],"collection":[{"href":"https:\/\/sudorganicos.com\/index.php\/wp-json\/wp\/v2\/pages"}],"about":[{"href":"https:\/\/sudorganicos.com\/index.php\/wp-json\/wp\/v2\/types\/page"}],"author":[{"embeddable":true,"href":"https:\/\/sudorganicos.com\/index.php\/wp-json\/wp\/v2\/users\/1"}],"replies":[{"embeddable":true,"href":"https:\/\/sudorganicos.com\/index.php\/wp-json\/wp\/v2\/comments?post=33"}],"version-history":[{"count":13,"href":"https:\/\/sudorganicos.com\/index.php\/wp-json\/wp\/v2\/pages\/33\/revisions"}],"predecessor-version":[{"id":200,"href":"https:\/\/sudorganicos.com\/index.php\/wp-json\/wp\/v2\/pages\/33\/revisions\/200"}],"wp:attachment":[{"href":"https:\/\/sudorganicos.com\/index.php\/wp-json\/wp\/v2\/media?parent=33"}],"curies":[{"name":"wp","href":"https:\/\/api.w.org\/{rel}","templated":true}]}}