{"id":145,"date":"2021-03-05T06:21:19","date_gmt":"2021-03-05T06:21:19","guid":{"rendered":"https:\/\/sudorganicos.com\/?page_id=145"},"modified":"2021-03-17T22:12:05","modified_gmt":"2021-03-17T22:12:05","slug":"recubrimientos-laboratiorios","status":"publish","type":"page","link":"https:\/\/sudorganicos.com\/index.php\/recubrimientos-laboratiorios\/","title":{"rendered":"Industria m\u00e9dica"},"content":{"rendered":"\n<figure class=\"wp-block-image size-large is-resized\"><img decoding=\"async\" src=\"https:\/\/sudorganicos.com\/wp-content\/uploads\/2021\/03\/laboratorios-edited.png\" alt=\"\" class=\"wp-image-164\" width=\"485\" height=\"272.8125\" srcset=\"https:\/\/sudorganicos.com\/wp-content\/uploads\/2021\/03\/laboratorios-edited.png 311w, https:\/\/sudorganicos.com\/wp-content\/uploads\/2021\/03\/laboratorios-edited-300x169.png 300w\" sizes=\"(max-width: 311px) 100vw, 311px\" \/><\/figure>\n\n\n\n<p>Los procesos de producci\u00f3n en las industrias y laboratorios&nbsp;son particularmente sensibles, las superficies de sus partes est\u00e1n en contacto con productos qu\u00edmicos altamente corrosivos y vapor. Por lo tanto, considerando los requerimientos de temperatura en cada caso, estas piezas deben protegerse con los mejores recubrimientos en tefl\u00f3n industrial para evitar su da\u00f1o.<\/p>\n","protected":false},"excerpt":{"rendered":"<p>Los procesos de producci\u00f3n en las industrias y laboratorios&nbsp;son particularmente sensibles, las superficies de sus partes est\u00e1n en contacto con productos qu\u00edmicos altamente corrosivos y vapor. Por lo tanto, considerando los requerimientos de temperatura en cada caso, estas piezas deben protegerse con los mejores recubrimientos en tefl\u00f3n industrial para evitar su da\u00f1o.<\/p>\n","protected":false},"author":1,"featured_media":0,"parent":0,"menu_order":0,"comment_status":"closed","ping_status":"closed","template":"","meta":{"footnotes":""},"class_list":["post-145","page","type-page","status-publish","hentry"],"_links":{"self":[{"href":"https:\/\/sudorganicos.com\/index.php\/wp-json\/wp\/v2\/pages\/145","targetHints":{"allow":["GET"]}}],"collection":[{"href":"https:\/\/sudorganicos.com\/index.php\/wp-json\/wp\/v2\/pages"}],"about":[{"href":"https:\/\/sudorganicos.com\/index.php\/wp-json\/wp\/v2\/types\/page"}],"author":[{"embeddable":true,"href":"https:\/\/sudorganicos.com\/index.php\/wp-json\/wp\/v2\/users\/1"}],"replies":[{"embeddable":true,"href":"https:\/\/sudorganicos.com\/index.php\/wp-json\/wp\/v2\/comments?post=145"}],"version-history":[{"count":5,"href":"https:\/\/sudorganicos.com\/index.php\/wp-json\/wp\/v2\/pages\/145\/revisions"}],"predecessor-version":[{"id":268,"href":"https:\/\/sudorganicos.com\/index.php\/wp-json\/wp\/v2\/pages\/145\/revisions\/268"}],"wp:attachment":[{"href":"https:\/\/sudorganicos.com\/index.php\/wp-json\/wp\/v2\/media?parent=145"}],"curies":[{"name":"wp","href":"https:\/\/api.w.org\/{rel}","templated":true}]}}