{"id":143,"date":"2021-03-05T06:19:10","date_gmt":"2021-03-05T06:19:10","guid":{"rendered":"https:\/\/sudorganicos.com\/?page_id=143"},"modified":"2021-03-16T07:33:04","modified_gmt":"2021-03-16T07:33:04","slug":"recubrimiento-industrial","status":"publish","type":"page","link":"https:\/\/sudorganicos.com\/index.php\/recubrimiento-industrial\/","title":{"rendered":"Industria textil"},"content":{"rendered":"\n<figure class=\"wp-block-image size-large is-resized\"><img loading=\"lazy\" decoding=\"async\" src=\"https:\/\/sudorganicos.com\/wp-content\/uploads\/2021\/03\/industriales.png\" alt=\"\" class=\"wp-image-158\" width=\"439\" height=\"548\" srcset=\"https:\/\/sudorganicos.com\/wp-content\/uploads\/2021\/03\/industriales.png 311w, https:\/\/sudorganicos.com\/wp-content\/uploads\/2021\/03\/industriales-240x300.png 240w\" sizes=\"auto, (max-width: 439px) 100vw, 439px\" \/><\/figure>\n\n\n\n<p>Realizamos tratamientos antiadherentes o anticorrosi\u00f3n sobre componentes industriales con bajo coeficiente de fricci\u00f3n, alta resistencia al calor, propiedades hidrof\u00f3bicas u oleof\u00f3bicas. Aplicamos los mejores recubrimientos anticorrosi\u00f3n para cada aplicaci\u00f3n. Brindamos&nbsp;garant\u00eda del 100% para nuestros procesos.<\/p>\n","protected":false},"excerpt":{"rendered":"<p>Realizamos tratamientos antiadherentes o anticorrosi\u00f3n sobre componentes industriales con bajo coeficiente de fricci\u00f3n, alta resistencia al calor, propiedades hidrof\u00f3bicas u oleof\u00f3bicas. Aplicamos los mejores recubrimientos anticorrosi\u00f3n para cada aplicaci\u00f3n. Brindamos&nbsp;garant\u00eda del 100% para nuestros procesos.<\/p>\n","protected":false},"author":1,"featured_media":0,"parent":0,"menu_order":0,"comment_status":"closed","ping_status":"closed","template":"","meta":{"footnotes":""},"class_list":["post-143","page","type-page","status-publish","hentry"],"_links":{"self":[{"href":"https:\/\/sudorganicos.com\/index.php\/wp-json\/wp\/v2\/pages\/143","targetHints":{"allow":["GET"]}}],"collection":[{"href":"https:\/\/sudorganicos.com\/index.php\/wp-json\/wp\/v2\/pages"}],"about":[{"href":"https:\/\/sudorganicos.com\/index.php\/wp-json\/wp\/v2\/types\/page"}],"author":[{"embeddable":true,"href":"https:\/\/sudorganicos.com\/index.php\/wp-json\/wp\/v2\/users\/1"}],"replies":[{"embeddable":true,"href":"https:\/\/sudorganicos.com\/index.php\/wp-json\/wp\/v2\/comments?post=143"}],"version-history":[{"count":4,"href":"https:\/\/sudorganicos.com\/index.php\/wp-json\/wp\/v2\/pages\/143\/revisions"}],"predecessor-version":[{"id":237,"href":"https:\/\/sudorganicos.com\/index.php\/wp-json\/wp\/v2\/pages\/143\/revisions\/237"}],"wp:attachment":[{"href":"https:\/\/sudorganicos.com\/index.php\/wp-json\/wp\/v2\/media?parent=143"}],"curies":[{"name":"wp","href":"https:\/\/api.w.org\/{rel}","templated":true}]}}